{"id":828,"date":"2024-06-10T19:59:43","date_gmt":"2024-06-10T19:59:43","guid":{"rendered":"https:\/\/dradiana.com\/?page_id=828"},"modified":"2024-06-10T20:04:12","modified_gmt":"2024-06-10T20:04:12","slug":"melasma","status":"publish","type":"page","link":"https:\/\/dradiana.com\/index.php\/melasma\/","title":{"rendered":"melasma"},"content":{"rendered":"\t\t<div data-elementor-type=\"wp-page\" data-elementor-id=\"828\" class=\"elementor elementor-828\">\n\t\t\t\t<div class=\"aux-parallax-section elementor-element elementor-element-463b1f6 e-flex e-con-boxed e-con e-parent\" data-id=\"463b1f6\" data-element_type=\"container\">\n\t\t\t\t\t<div class=\"e-con-inner\">\n\t\t<div class=\"elementor-element elementor-element-53360cc e-con-full e-flex elementor-invisible e-con e-child\" data-id=\"53360cc\" data-element_type=\"container\" data-settings=\"{&quot;animation&quot;:&quot;slideInLeft&quot;}\">\n\t\t\t\t<div class=\"elementor-element elementor-element-f182277 elementor-widget elementor-widget-image\" data-id=\"f182277\" data-element_type=\"widget\" data-widget_type=\"image.default\">\n\t\t\t\t<div class=\"elementor-widget-container\">\n\t\t\t\t\t\t\t\t\t\t\t\t\t\t\t<img fetchpriority=\"high\" decoding=\"async\" width=\"406\" height=\"601\" src=\"https:\/\/dradiana.com\/wp-content\/uploads\/2024\/06\/melasma.webp\" class=\"attachment-large size-large wp-image-830\" alt=\"\" \/>\t\t\t\t\t\t\t\t\t\t\t\t\t\t\t<\/div>\n\t\t\t\t<\/div>\n\t\t\t\t<\/div>\n\t\t<div class=\"elementor-element elementor-element-bdbf135 e-con-full e-flex e-con e-child\" data-id=\"bdbf135\" data-element_type=\"container\">\n\t\t<div class=\"elementor-element elementor-element-f05a6e3 e-flex e-con-boxed elementor-invisible e-con e-child\" data-id=\"f05a6e3\" data-element_type=\"container\" data-settings=\"{&quot;animation&quot;:&quot;slideInUp&quot;}\">\n\t\t\t\t\t<div class=\"e-con-inner\">\n\t\t\t\t<div class=\"elementor-element elementor-element-e496ee6 elementor-widget__width-initial elementor-widget elementor-widget-heading\" data-id=\"e496ee6\" data-element_type=\"widget\" data-widget_type=\"heading.default\">\n\t\t\t\t<div class=\"elementor-widget-container\">\n\t\t\t\t\t<h2 class=\"elementor-heading-title elementor-size-default\">Eliminaci\u00f3n de hiperpigmentaciones<\/h2>\t\t\t\t<\/div>\n\t\t\t\t<\/div>\n\t\t\t\t<div class=\"elementor-element elementor-element-fb4aaf2 elementor-widget elementor-widget-text-editor\" data-id=\"fb4aaf2\" data-element_type=\"widget\" data-widget_type=\"text-editor.default\">\n\t\t\t\t<div class=\"elementor-widget-container\">\n\t\t\t\t\t\t\t\t\t<p>Cuando se consulta por una o varias lesiones pigmentadas (manchas), el primer paso es hacer un diagn\u00f3stico del tipo de mancha. As\u00ed, se decide el m\u00e9todo m\u00e1s indicado para reducir la mancha, de forma segura y con el mejor resultado est\u00e9tico.<\/p><p>Las manchas de la piel tipo melasma consisten en el ac\u00famulo del pigmento melanina y tienen una evoluci\u00f3n en el tiempo. Al principio del melasma, el pigmento est\u00e1 en los queratinocitos de la epidermis (melasma epid\u00e9rmico) y despu\u00e9s, con el tiempo, el pigmento se acumula en la dermis (melasma d\u00e9rmico) o en ambos (melasma mixto).<\/p><p>Cuanto antes hagamos un tratamiento para el melasma mejor puesto que \u00e9ste ser\u00e1 m\u00e1s superficial y responder\u00e1 mejor a los tratamientos.<\/p><p>El tratamiento para intentar\u00a0reducir estas manchas puede ser \u00fanico o combinado. As\u00ed, podemos utilizar l\u00e1ser y\/o cremas despigmentantes junto a factor de protecci\u00f3n solar.<\/p><p>El l\u00e1ser que emite su luz en picosegundos es el m\u00e1s novedoso y avanzado para los problemas de pigmentaci\u00f3n benigna como melasma, l\u00e9ntigos solares, nevus de Ota y manchas caf\u00e9 con leche entre otros.<\/p>\t\t\t\t\t\t\t\t<\/div>\n\t\t\t\t<\/div>\n\t\t\t\t<div class=\"elementor-element elementor-element-9f30136 elementor-view-stacked elementor-shape-circle elementor-widget elementor-widget-icon\" data-id=\"9f30136\" data-element_type=\"widget\" data-widget_type=\"icon.default\">\n\t\t\t\t<div class=\"elementor-widget-container\">\n\t\t\t\t\t\t\t<div class=\"elementor-icon-wrapper\">\n\t\t\t<a class=\"elementor-icon\" href=\"https:\/\/dradiana.com\/index.php\/inicio#TRATAMIENTOS\">\n\t\t\t<i aria-hidden=\"true\" class=\"auxicon2 auxicon2-arrow-thin-left\"><\/i>\t\t\t<\/a>\n\t\t<\/div>\n\t\t\t\t\t\t<\/div>\n\t\t\t\t<\/div>\n\t\t\t\t\t<\/div>\n\t\t\t\t<\/div>\n\t\t\t\t<\/div>\n\t\t\t\t\t<\/div>\n\t\t\t\t<\/div>\n\t\t<div class=\"aux-parallax-section elementor-element elementor-element-0fed20c e-flex e-con-boxed e-con e-parent\" data-id=\"0fed20c\" data-element_type=\"container\" data-settings=\"{&quot;background_background&quot;:&quot;classic&quot;}\">\n\t\t\t\t\t<div class=\"e-con-inner\">\n\t\t\t\t<div class=\"elementor-element elementor-element-3aff095 elementor-widget elementor-widget-heading\" data-id=\"3aff095\" data-element_type=\"widget\" data-widget_type=\"heading.default\">\n\t\t\t\t<div class=\"elementor-widget-container\">\n\t\t\t\t\t<h2 class=\"elementor-heading-title elementor-size-default\">Agenda una cita de valoraci\u00f3n<\/h2>\t\t\t\t<\/div>\n\t\t\t\t<\/div>\n\t\t\t\t<div class=\"elementor-element elementor-element-b04bed0 elementor-widget elementor-widget-text-editor\" data-id=\"b04bed0\" data-element_type=\"widget\" data-widget_type=\"text-editor.default\">\n\t\t\t\t<div class=\"elementor-widget-container\">\n\t\t\t\t\t\t\t\t\t\n<div class=\"wpcf7 no-js\" id=\"wpcf7-f160-o1\" lang=\"es-ES\" dir=\"ltr\" data-wpcf7-id=\"160\">\n<div class=\"screen-reader-response\"><p role=\"status\" aria-live=\"polite\" aria-atomic=\"true\"><\/p> <ul><\/ul><\/div>\n<form action=\"\/index.php\/wp-json\/wp\/v2\/pages\/828#wpcf7-f160-o1\" method=\"post\" class=\"wpcf7-form init\" aria-label=\"Formulario de contacto\" novalidate=\"novalidate\" data-status=\"init\">\n<fieldset class=\"hidden-fields-container\"><input type=\"hidden\" name=\"_wpcf7\" value=\"160\" \/><input type=\"hidden\" name=\"_wpcf7_version\" value=\"6.1.3\" \/><input type=\"hidden\" name=\"_wpcf7_locale\" value=\"es_ES\" \/><input type=\"hidden\" name=\"_wpcf7_unit_tag\" value=\"wpcf7-f160-o1\" \/><input type=\"hidden\" name=\"_wpcf7_container_post\" value=\"0\" \/><input type=\"hidden\" name=\"_wpcf7_posted_data_hash\" value=\"\" \/><input type=\"hidden\" name=\"_wpcf7_recaptcha_response\" value=\"\" \/>\n<\/fieldset>\n<p><label> Tu nombre<br \/>\n<span class=\"wpcf7-form-control-wrap\" data-name=\"your-name\"><input size=\"40\" maxlength=\"400\" class=\"wpcf7-form-control wpcf7-text wpcf7-validates-as-required\" autocomplete=\"name\" aria-required=\"true\" aria-invalid=\"false\" value=\"\" type=\"text\" name=\"your-name\" \/><\/span> <\/label>\n<\/p>\n<p><label> Tu correo electr\u00f3nico<br \/>\n<span class=\"wpcf7-form-control-wrap\" data-name=\"your-email\"><input size=\"40\" maxlength=\"400\" class=\"wpcf7-form-control wpcf7-email wpcf7-validates-as-required wpcf7-text wpcf7-validates-as-email\" autocomplete=\"email\" aria-required=\"true\" aria-invalid=\"false\" value=\"\" type=\"email\" name=\"your-email\" \/><\/span> <\/label>\n<\/p>\n<p><label> Servicio que te interesa<br \/>\n<span class=\"wpcf7-form-control-wrap\" data-name=\"your-subject\"><input size=\"40\" maxlength=\"400\" class=\"wpcf7-form-control wpcf7-text wpcf7-validates-as-required\" aria-required=\"true\" aria-invalid=\"false\" value=\"\" type=\"text\" name=\"your-subject\" \/><\/span> <\/label>\n<\/p>\n<p><label> Whatsapp (opcional)<br \/>\n<span class=\"wpcf7-form-control-wrap\" data-name=\"telef\"><input size=\"40\" maxlength=\"400\" class=\"wpcf7-form-control wpcf7-tel wpcf7-validates-as-required wpcf7-text wpcf7-validates-as-tel\" aria-required=\"true\" aria-invalid=\"false\" value=\"\" type=\"tel\" name=\"telef\" \/><\/span> <\/label>\n<\/p>\n<p><label> \u00bfTienes alguna pregunta?<br \/>\n<span class=\"wpcf7-form-control-wrap\" data-name=\"your-message\"><textarea cols=\"40\" rows=\"10\" maxlength=\"2000\" class=\"wpcf7-form-control wpcf7-textarea\" aria-invalid=\"false\" name=\"your-message\"><\/textarea><\/span> <\/label>\n<\/p>\n<p><input class=\"wpcf7-form-control wpcf7-submit has-spinner\" type=\"submit\" value=\"Enviar\" \/>\n<\/p><div class=\"wpcf7-response-output\" aria-hidden=\"true\"><\/div>\n<\/form>\n<\/div>\n\t\t\t\t\t\t\t\t<\/div>\n\t\t\t\t<\/div>\n\t\t\t\t\t<\/div>\n\t\t\t\t<\/div>\n\t\t\t\t<\/div>\n\t\t","protected":false},"excerpt":{"rendered":"<p>Eliminaci\u00f3n de hiperpigmentaciones Cuando se consulta por una o varias lesiones pigmentadas (manchas), el primer paso es hacer un diagn\u00f3stico del tipo de mancha. As\u00ed, se decide el m\u00e9todo m\u00e1s indicado para reducir la mancha, de forma segura y con el mejor resultado est\u00e9tico. Las manchas de la piel tipo melasma consisten en el ac\u00famulo [&hellip;]<\/p>\n","protected":false},"author":1,"featured_media":0,"parent":0,"menu_order":0,"comment_status":"closed","ping_status":"closed","template":"elementor_header_footer","meta":{"footnotes":""},"class_list":["post-828","page","type-page","status-publish","hentry"],"_links":{"self":[{"href":"https:\/\/dradiana.com\/index.php\/wp-json\/wp\/v2\/pages\/828","targetHints":{"allow":["GET"]}}],"collection":[{"href":"https:\/\/dradiana.com\/index.php\/wp-json\/wp\/v2\/pages"}],"about":[{"href":"https:\/\/dradiana.com\/index.php\/wp-json\/wp\/v2\/types\/page"}],"author":[{"embeddable":true,"href":"https:\/\/dradiana.com\/index.php\/wp-json\/wp\/v2\/users\/1"}],"replies":[{"embeddable":true,"href":"https:\/\/dradiana.com\/index.php\/wp-json\/wp\/v2\/comments?post=828"}],"version-history":[{"count":10,"href":"https:\/\/dradiana.com\/index.php\/wp-json\/wp\/v2\/pages\/828\/revisions"}],"predecessor-version":[{"id":839,"href":"https:\/\/dradiana.com\/index.php\/wp-json\/wp\/v2\/pages\/828\/revisions\/839"}],"wp:attachment":[{"href":"https:\/\/dradiana.com\/index.php\/wp-json\/wp\/v2\/media?parent=828"}],"curies":[{"name":"wp","href":"https:\/\/api.w.org\/{rel}","templated":true}]}}